{"id":10129,"date":"2025-02-05T09:51:31","date_gmt":"2025-02-05T08:51:31","guid":{"rendered":"https:\/\/www.sams-industrie.fr\/product\/pastille-de-rivetage-a-gauche-reference-agrafeuse-4\/"},"modified":"2025-02-19T11:54:15","modified_gmt":"2025-02-19T10:54:15","slug":"pastille-de-rivetage-a-gauche-reference-agrafeuse-4","status":"publish","type":"product","link":"https:\/\/www.sams-industrie.fr\/en\/product\/pastille-de-rivetage-a-gauche-reference-agrafeuse-4\/","title":{"rendered":"Left riveting pad<br> Reference CJ-015-115 D"},"content":{"rendered":"","protected":false},"excerpt":{"rendered":"<p>RAPIDEX <br \/> R\u00e9f\u00e9rence constructeur : CJ-015-115 D<br \/> R\u00e9f\u00e9rences \u00e9quivalentes : CJ015115D \/ MCJ015115D \/ RAPCJ015115D<\/p>","protected":false},"featured_media":0,"comment_status":"open","ping_status":"closed","template":"","meta":[],"_links":{"self":[{"href":"https:\/\/www.sams-industrie.fr\/en\/wp-json\/wp\/v2\/product\/10129"}],"collection":[{"href":"https:\/\/www.sams-industrie.fr\/en\/wp-json\/wp\/v2\/product"}],"about":[{"href":"https:\/\/www.sams-industrie.fr\/en\/wp-json\/wp\/v2\/types\/product"}],"replies":[{"embeddable":true,"href":"https:\/\/www.sams-industrie.fr\/en\/wp-json\/wp\/v2\/comments?post=10129"}],"wp:attachment":[{"href":"https:\/\/www.sams-industrie.fr\/en\/wp-json\/wp\/v2\/media?parent=10129"}],"curies":[{"name":"wp","href":"https:\/\/api.w.org\/{rel}","templated":true}]}}