{"id":10127,"date":"2025-02-05T09:51:30","date_gmt":"2025-02-05T08:51:30","guid":{"rendered":"https:\/\/www.sams-industrie.fr\/product\/pastille-de-rivetage-a-gauche-reference-agrafeuse-2\/"},"modified":"2025-10-14T15:39:44","modified_gmt":"2025-10-14T13:39:44","slug":"pastille-de-rivetage-a-gauche-reference-agrafeuse-2","status":"publish","type":"product","link":"https:\/\/www.sams-industrie.fr\/en\/product\/pastille-de-rivetage-a-gauche-reference-agrafeuse-2\/","title":{"rendered":"Left riveting pad<br> Reference CJ-015-119 A"},"content":{"rendered":"","protected":false},"excerpt":{"rendered":"<p>RAPIDEX<br \/>\nR\u00e9f\u00e9rence constructeur : CJ-015-119 A<br \/>\nR\u00e9f\u00e9rences \u00e9quivalentes : CJ015119A \/ MCJ015119A \/ RAPCJ015119A<\/p>","protected":false},"featured_media":11623,"comment_status":"open","ping_status":"closed","template":"","meta":[],"_links":{"self":[{"href":"https:\/\/www.sams-industrie.fr\/en\/wp-json\/wp\/v2\/product\/10127"}],"collection":[{"href":"https:\/\/www.sams-industrie.fr\/en\/wp-json\/wp\/v2\/product"}],"about":[{"href":"https:\/\/www.sams-industrie.fr\/en\/wp-json\/wp\/v2\/types\/product"}],"replies":[{"embeddable":true,"href":"https:\/\/www.sams-industrie.fr\/en\/wp-json\/wp\/v2\/comments?post=10127"}],"wp:featuredmedia":[{"embeddable":true,"href":"https:\/\/www.sams-industrie.fr\/en\/wp-json\/wp\/v2\/media\/11623"}],"wp:attachment":[{"href":"https:\/\/www.sams-industrie.fr\/en\/wp-json\/wp\/v2\/media?parent=10127"}],"curies":[{"name":"wp","href":"https:\/\/api.w.org\/{rel}","templated":true}]}}