{"id":10126,"date":"2025-02-05T09:51:29","date_gmt":"2025-02-05T08:51:29","guid":{"rendered":"https:\/\/www.sams-industrie.fr\/product\/pastille-de-rivetage-a-gauche-reference-agrafeuse\/"},"modified":"2025-10-14T15:38:58","modified_gmt":"2025-10-14T13:38:58","slug":"pastille-de-rivetage-a-gauche-reference-agrafeuse","status":"publish","type":"product","link":"https:\/\/www.sams-industrie.fr\/en\/product\/pastille-de-rivetage-a-gauche-reference-agrafeuse\/","title":{"rendered":"Left riveting pad<br> Reference CJ-015-115 A"},"content":{"rendered":"","protected":false},"excerpt":{"rendered":"<p>RAPIDEX<br \/>\nR\u00e9f\u00e9rence constructeur : CJ-015-115 A<br \/>\nR\u00e9f\u00e9rences \u00e9quivalentes : CJ015115A \/ MCJ015115A \/ RAPCJ015115A<\/p>","protected":false},"featured_media":11622,"comment_status":"open","ping_status":"closed","template":"","meta":[],"_links":{"self":[{"href":"https:\/\/www.sams-industrie.fr\/en\/wp-json\/wp\/v2\/product\/10126"}],"collection":[{"href":"https:\/\/www.sams-industrie.fr\/en\/wp-json\/wp\/v2\/product"}],"about":[{"href":"https:\/\/www.sams-industrie.fr\/en\/wp-json\/wp\/v2\/types\/product"}],"replies":[{"embeddable":true,"href":"https:\/\/www.sams-industrie.fr\/en\/wp-json\/wp\/v2\/comments?post=10126"}],"wp:featuredmedia":[{"embeddable":true,"href":"https:\/\/www.sams-industrie.fr\/en\/wp-json\/wp\/v2\/media\/11622"}],"wp:attachment":[{"href":"https:\/\/www.sams-industrie.fr\/en\/wp-json\/wp\/v2\/media?parent=10126"}],"curies":[{"name":"wp","href":"https:\/\/api.w.org\/{rel}","templated":true}]}}