{"id":10123,"date":"2025-02-05T09:51:26","date_gmt":"2025-02-05T08:51:26","guid":{"rendered":"https:\/\/www.sams-industrie.fr\/product\/rampe-pour-sabre-reference-agrafeuse\/"},"modified":"2025-10-14T15:38:15","modified_gmt":"2025-10-14T13:38:15","slug":"rampe-pour-sabre-reference-agrafeuse","status":"publish","type":"product","link":"https:\/\/www.sams-industrie.fr\/en\/product\/rampe-pour-sabre-reference-agrafeuse\/","title":{"rendered":"Saber Ramp<br> Reference CJ-015-024"},"content":{"rendered":"","protected":false},"excerpt":{"rendered":"<p>RAPIDEX 2PC721-RapidTwin<br \/>\nR\u00e9f\u00e9rence constructeur : CJ-015-024<br \/>\nR\u00e9f\u00e9rences \u00e9quivalentes : CJ015024 \/ MCJ015024 \/ RAPCJ015024<\/p>","protected":false},"featured_media":11621,"comment_status":"open","ping_status":"closed","template":"","meta":[],"_links":{"self":[{"href":"https:\/\/www.sams-industrie.fr\/en\/wp-json\/wp\/v2\/product\/10123"}],"collection":[{"href":"https:\/\/www.sams-industrie.fr\/en\/wp-json\/wp\/v2\/product"}],"about":[{"href":"https:\/\/www.sams-industrie.fr\/en\/wp-json\/wp\/v2\/types\/product"}],"replies":[{"embeddable":true,"href":"https:\/\/www.sams-industrie.fr\/en\/wp-json\/wp\/v2\/comments?post=10123"}],"wp:featuredmedia":[{"embeddable":true,"href":"https:\/\/www.sams-industrie.fr\/en\/wp-json\/wp\/v2\/media\/11621"}],"wp:attachment":[{"href":"https:\/\/www.sams-industrie.fr\/en\/wp-json\/wp\/v2\/media?parent=10123"}],"curies":[{"name":"wp","href":"https:\/\/api.w.org\/{rel}","templated":true}]}}