{"id":10122,"date":"2025-02-05T09:51:25","date_gmt":"2025-02-05T08:51:25","guid":{"rendered":"https:\/\/www.sams-industrie.fr\/product\/sabre-fixe-pour-goulotte-a-gauche-patte-100-reference-agrafeuse\/"},"modified":"2025-02-19T11:54:09","modified_gmt":"2025-02-19T10:54:09","slug":"sabre-fixe-pour-goulotte-a-gauche-patte-100-reference-agrafeuse","status":"publish","type":"product","link":"https:\/\/www.sams-industrie.fr\/en\/product\/sabre-fixe-pour-goulotte-a-gauche-patte-100-reference-agrafeuse\/","title":{"rendered":"Fixed saber for left-hand chute, leg 100<br> Reference GF-115-013"},"content":{"rendered":"","protected":false},"excerpt":{"rendered":"<p>RAPIDEX <br \/> R\u00e9f\u00e9rence constructeur : GF-115-013<br \/> R\u00e9f\u00e9rences \u00e9quivalentes : GF115013 \/ MGF115013 \/ RAPGF115013<\/p>","protected":false},"featured_media":0,"comment_status":"open","ping_status":"closed","template":"","meta":[],"_links":{"self":[{"href":"https:\/\/www.sams-industrie.fr\/en\/wp-json\/wp\/v2\/product\/10122"}],"collection":[{"href":"https:\/\/www.sams-industrie.fr\/en\/wp-json\/wp\/v2\/product"}],"about":[{"href":"https:\/\/www.sams-industrie.fr\/en\/wp-json\/wp\/v2\/types\/product"}],"replies":[{"embeddable":true,"href":"https:\/\/www.sams-industrie.fr\/en\/wp-json\/wp\/v2\/comments?post=10122"}],"wp:attachment":[{"href":"https:\/\/www.sams-industrie.fr\/en\/wp-json\/wp\/v2\/media?parent=10122"}],"curies":[{"name":"wp","href":"https:\/\/api.w.org\/{rel}","templated":true}]}}