{"id":10121,"date":"2025-02-05T09:51:25","date_gmt":"2025-02-05T08:51:25","guid":{"rendered":"https:\/\/www.sams-industrie.fr\/product\/sabre-pour-goulotte-a-gauche-patte-100-reference-agrafeuse-2\/"},"modified":"2025-02-19T11:54:09","modified_gmt":"2025-02-19T10:54:09","slug":"sabre-pour-goulotte-a-gauche-patte-100-reference-agrafeuse-2","status":"publish","type":"product","link":"https:\/\/www.sams-industrie.fr\/en\/product\/sabre-pour-goulotte-a-gauche-patte-100-reference-agrafeuse-2\/","title":{"rendered":"Sabre for left-hand chute leg 100<br> Reference GF-115-011"},"content":{"rendered":"","protected":false},"excerpt":{"rendered":"<p>RAPIDEX <br \/> R\u00e9f\u00e9rence constructeur : GF-115-011<br \/> R\u00e9f\u00e9rences \u00e9quivalentes : GF115011 \/ MGF115011 \/ RAPGF115011<\/p>","protected":false},"featured_media":0,"comment_status":"open","ping_status":"closed","template":"","meta":[],"_links":{"self":[{"href":"https:\/\/www.sams-industrie.fr\/en\/wp-json\/wp\/v2\/product\/10121"}],"collection":[{"href":"https:\/\/www.sams-industrie.fr\/en\/wp-json\/wp\/v2\/product"}],"about":[{"href":"https:\/\/www.sams-industrie.fr\/en\/wp-json\/wp\/v2\/types\/product"}],"replies":[{"embeddable":true,"href":"https:\/\/www.sams-industrie.fr\/en\/wp-json\/wp\/v2\/comments?post=10121"}],"wp:attachment":[{"href":"https:\/\/www.sams-industrie.fr\/en\/wp-json\/wp\/v2\/media?parent=10121"}],"curies":[{"name":"wp","href":"https:\/\/api.w.org\/{rel}","templated":true}]}}