{"id":10120,"date":"2025-02-05T09:51:24","date_gmt":"2025-02-05T08:51:24","guid":{"rendered":"https:\/\/www.sams-industrie.fr\/product\/sabre-pour-goulotte-a-gauche-patte-50-reference-agrafeuse-2\/"},"modified":"2025-10-14T15:37:26","modified_gmt":"2025-10-14T13:37:26","slug":"sabre-pour-goulotte-a-gauche-patte-50-reference-agrafeuse-2","status":"publish","type":"product","link":"https:\/\/www.sams-industrie.fr\/en\/product\/sabre-pour-goulotte-a-gauche-patte-50-reference-agrafeuse-2\/","title":{"rendered":"Sabre for left-hand chute, 50-leg<br> Reference CJ-015-222"},"content":{"rendered":"","protected":false},"excerpt":{"rendered":"<p>RAPIDEX<br \/>\nR\u00e9f\u00e9rence constructeur : CJ-015-222<br \/>\nR\u00e9f\u00e9rences \u00e9quivalentes : CJ015222 \/ MCJ015222 \/ RAPCJ015222<\/p>","protected":false},"featured_media":11620,"comment_status":"open","ping_status":"closed","template":"","meta":[],"_links":{"self":[{"href":"https:\/\/www.sams-industrie.fr\/en\/wp-json\/wp\/v2\/product\/10120"}],"collection":[{"href":"https:\/\/www.sams-industrie.fr\/en\/wp-json\/wp\/v2\/product"}],"about":[{"href":"https:\/\/www.sams-industrie.fr\/en\/wp-json\/wp\/v2\/types\/product"}],"replies":[{"embeddable":true,"href":"https:\/\/www.sams-industrie.fr\/en\/wp-json\/wp\/v2\/comments?post=10120"}],"wp:featuredmedia":[{"embeddable":true,"href":"https:\/\/www.sams-industrie.fr\/en\/wp-json\/wp\/v2\/media\/11620"}],"wp:attachment":[{"href":"https:\/\/www.sams-industrie.fr\/en\/wp-json\/wp\/v2\/media?parent=10120"}],"curies":[{"name":"wp","href":"https:\/\/api.w.org\/{rel}","templated":true}]}}