{"id":10119,"date":"2025-02-05T09:51:20","date_gmt":"2025-02-05T08:51:20","guid":{"rendered":"https:\/\/www.sams-industrie.fr\/product\/sabre-25-pour-goulotte-a-gauche-patte-45-60-reference-agrafeuse\/"},"modified":"2025-02-19T11:54:07","modified_gmt":"2025-02-19T10:54:07","slug":"sabre-25-pour-goulotte-a-gauche-patte-45-60-reference-agrafeuse","status":"publish","type":"product","link":"https:\/\/www.sams-industrie.fr\/en\/product\/sabre-25-pour-goulotte-a-gauche-patte-45-60-reference-agrafeuse\/","title":{"rendered":"25\u00b0 saber for left-hand chute 45-60 leg<br> Reference CJ-015-523"},"content":{"rendered":"","protected":false},"excerpt":{"rendered":"<p>RAPIDEX <br \/> R\u00e9f\u00e9rence constructeur : CJ-015-523<br \/> R\u00e9f\u00e9rences \u00e9quivalentes : CJ015523 \/ MCJ015523 \/ RAPCJ015523<\/p>","protected":false},"featured_media":0,"comment_status":"open","ping_status":"closed","template":"","meta":[],"_links":{"self":[{"href":"https:\/\/www.sams-industrie.fr\/en\/wp-json\/wp\/v2\/product\/10119"}],"collection":[{"href":"https:\/\/www.sams-industrie.fr\/en\/wp-json\/wp\/v2\/product"}],"about":[{"href":"https:\/\/www.sams-industrie.fr\/en\/wp-json\/wp\/v2\/types\/product"}],"replies":[{"embeddable":true,"href":"https:\/\/www.sams-industrie.fr\/en\/wp-json\/wp\/v2\/comments?post=10119"}],"wp:attachment":[{"href":"https:\/\/www.sams-industrie.fr\/en\/wp-json\/wp\/v2\/media?parent=10119"}],"curies":[{"name":"wp","href":"https:\/\/api.w.org\/{rel}","templated":true}]}}