{"id":10118,"date":"2025-02-05T09:51:19","date_gmt":"2025-02-05T08:51:19","guid":{"rendered":"https:\/\/www.sams-industrie.fr\/product\/sabre-25-pour-goulotte-a-gauche-patte-100-reference-agrafeuse\/"},"modified":"2025-02-19T11:54:06","modified_gmt":"2025-02-19T10:54:06","slug":"sabre-25-pour-goulotte-a-gauche-patte-100-reference-agrafeuse","status":"publish","type":"product","link":"https:\/\/www.sams-industrie.fr\/en\/product\/sabre-25-pour-goulotte-a-gauche-patte-100-reference-agrafeuse\/","title":{"rendered":"25\u00b0 saber for left-hand chute leg 100<br> Reference CJ-015-556"},"content":{"rendered":"","protected":false},"excerpt":{"rendered":"<p>RAPIDEX <br \/> R\u00e9f\u00e9rence constructeur : CJ-015-556<br \/> R\u00e9f\u00e9rences \u00e9quivalentes : CJ015556 \/ MCJ015556 \/ RAPCJ015556<\/p>","protected":false},"featured_media":0,"comment_status":"open","ping_status":"closed","template":"","meta":[],"_links":{"self":[{"href":"https:\/\/www.sams-industrie.fr\/en\/wp-json\/wp\/v2\/product\/10118"}],"collection":[{"href":"https:\/\/www.sams-industrie.fr\/en\/wp-json\/wp\/v2\/product"}],"about":[{"href":"https:\/\/www.sams-industrie.fr\/en\/wp-json\/wp\/v2\/types\/product"}],"replies":[{"embeddable":true,"href":"https:\/\/www.sams-industrie.fr\/en\/wp-json\/wp\/v2\/comments?post=10118"}],"wp:attachment":[{"href":"https:\/\/www.sams-industrie.fr\/en\/wp-json\/wp\/v2\/media?parent=10118"}],"curies":[{"name":"wp","href":"https:\/\/api.w.org\/{rel}","templated":true}]}}