{"id":10116,"date":"2025-02-05T09:51:18","date_gmt":"2025-02-05T08:51:18","guid":{"rendered":"https:\/\/www.sams-industrie.fr\/product\/sabre-pour-goulotte-a-gauche-patte-50-reference-agrafeuse\/"},"modified":"2025-02-19T11:54:05","modified_gmt":"2025-02-19T10:54:05","slug":"sabre-pour-goulotte-a-gauche-patte-50-reference-agrafeuse","status":"publish","type":"product","link":"https:\/\/www.sams-industrie.fr\/en\/product\/sabre-pour-goulotte-a-gauche-patte-50-reference-agrafeuse\/","title":{"rendered":"Sabre for left-hand chute, 50-leg<br> Reference CJ-015-122"},"content":{"rendered":"","protected":false},"excerpt":{"rendered":"<p>RAPIDEX <br \/> R\u00e9f\u00e9rence constructeur : CJ-015-122<br \/> R\u00e9f\u00e9rences \u00e9quivalentes : CJ015122 \/ MCJ015122 \/ RAPCJ015122<\/p>","protected":false},"featured_media":0,"comment_status":"open","ping_status":"closed","template":"","meta":[],"_links":{"self":[{"href":"https:\/\/www.sams-industrie.fr\/en\/wp-json\/wp\/v2\/product\/10116"}],"collection":[{"href":"https:\/\/www.sams-industrie.fr\/en\/wp-json\/wp\/v2\/product"}],"about":[{"href":"https:\/\/www.sams-industrie.fr\/en\/wp-json\/wp\/v2\/types\/product"}],"replies":[{"embeddable":true,"href":"https:\/\/www.sams-industrie.fr\/en\/wp-json\/wp\/v2\/comments?post=10116"}],"wp:attachment":[{"href":"https:\/\/www.sams-industrie.fr\/en\/wp-json\/wp\/v2\/media?parent=10116"}],"curies":[{"name":"wp","href":"https:\/\/api.w.org\/{rel}","templated":true}]}}