{"id":10115,"date":"2025-02-05T09:51:17","date_gmt":"2025-02-05T08:51:17","guid":{"rendered":"https:\/\/www.sams-industrie.fr\/product\/ecrou-centreur-de-sabre-reference-agrafeuse-2\/"},"modified":"2025-10-14T15:36:33","modified_gmt":"2025-10-14T13:36:33","slug":"ecrou-centreur-de-sabre-reference-agrafeuse-2","status":"publish","type":"product","link":"https:\/\/www.sams-industrie.fr\/en\/product\/ecrou-centreur-de-sabre-reference-agrafeuse-2\/","title":{"rendered":"Saber centering nut<br> Reference CJ-015-041"},"content":{"rendered":"","protected":false},"excerpt":{"rendered":"<p>RAPIDEX<br \/>\nR\u00e9f\u00e9rence constructeur : CJ-015-041<br \/>\nR\u00e9f\u00e9rences \u00e9quivalentes : CJ015041 \/ MCJ015041 \/ RAPCJ015041<\/p>","protected":false},"featured_media":11619,"comment_status":"open","ping_status":"closed","template":"","meta":[],"_links":{"self":[{"href":"https:\/\/www.sams-industrie.fr\/en\/wp-json\/wp\/v2\/product\/10115"}],"collection":[{"href":"https:\/\/www.sams-industrie.fr\/en\/wp-json\/wp\/v2\/product"}],"about":[{"href":"https:\/\/www.sams-industrie.fr\/en\/wp-json\/wp\/v2\/types\/product"}],"replies":[{"embeddable":true,"href":"https:\/\/www.sams-industrie.fr\/en\/wp-json\/wp\/v2\/comments?post=10115"}],"wp:featuredmedia":[{"embeddable":true,"href":"https:\/\/www.sams-industrie.fr\/en\/wp-json\/wp\/v2\/media\/11619"}],"wp:attachment":[{"href":"https:\/\/www.sams-industrie.fr\/en\/wp-json\/wp\/v2\/media?parent=10115"}],"curies":[{"name":"wp","href":"https:\/\/api.w.org\/{rel}","templated":true}]}}