{"id":10114,"date":"2025-02-05T09:51:16","date_gmt":"2025-02-05T08:51:16","guid":{"rendered":"https:\/\/www.sams-industrie.fr\/product\/ecrou-centreur-de-sabre-long-reference-agrafeuse\/"},"modified":"2025-02-19T11:54:04","modified_gmt":"2025-02-19T10:54:04","slug":"ecrou-centreur-de-sabre-long-reference-agrafeuse","status":"publish","type":"product","link":"https:\/\/www.sams-industrie.fr\/en\/product\/ecrou-centreur-de-sabre-long-reference-agrafeuse\/","title":{"rendered":"Long saber centering nut<br> Reference CJ-015-141"},"content":{"rendered":"","protected":false},"excerpt":{"rendered":"<p>RAPIDEX <br \/> R\u00e9f\u00e9rence constructeur : CJ-015-141<br \/> R\u00e9f\u00e9rences \u00e9quivalentes : CJ015141 \/ MCJ015141 \/ RAPCJ015141<\/p>","protected":false},"featured_media":0,"comment_status":"open","ping_status":"closed","template":"","meta":[],"_links":{"self":[{"href":"https:\/\/www.sams-industrie.fr\/en\/wp-json\/wp\/v2\/product\/10114"}],"collection":[{"href":"https:\/\/www.sams-industrie.fr\/en\/wp-json\/wp\/v2\/product"}],"about":[{"href":"https:\/\/www.sams-industrie.fr\/en\/wp-json\/wp\/v2\/types\/product"}],"replies":[{"embeddable":true,"href":"https:\/\/www.sams-industrie.fr\/en\/wp-json\/wp\/v2\/comments?post=10114"}],"wp:attachment":[{"href":"https:\/\/www.sams-industrie.fr\/en\/wp-json\/wp\/v2\/media?parent=10114"}],"curies":[{"name":"wp","href":"https:\/\/api.w.org\/{rel}","templated":true}]}}