{"id":10113,"date":"2025-02-05T09:51:15","date_gmt":"2025-02-05T08:51:15","guid":{"rendered":"https:\/\/www.sams-industrie.fr\/product\/sabre-pour-goulotte-a-droite-patte-de-50-reference-agrafeuse\/"},"modified":"2025-10-14T15:34:42","modified_gmt":"2025-10-14T13:34:42","slug":"sabre-pour-goulotte-a-droite-patte-de-50-reference-agrafeuse","status":"publish","type":"product","link":"https:\/\/www.sams-industrie.fr\/en\/product\/sabre-pour-goulotte-a-droite-patte-de-50-reference-agrafeuse\/","title":{"rendered":"Sabre for right-hand chute, 50-leg<br> Reference CJ-015-232"},"content":{"rendered":"","protected":false},"excerpt":{"rendered":"<p>RAPIDEX<br \/>\nR\u00e9f\u00e9rence constructeur : CJ-015-232<br \/>\nR\u00e9f\u00e9rences \u00e9quivalentes : CJ015232 \/ MCJ015232 \/ RAPCJ015232<\/p>","protected":false},"featured_media":11618,"comment_status":"open","ping_status":"closed","template":"","meta":[],"_links":{"self":[{"href":"https:\/\/www.sams-industrie.fr\/en\/wp-json\/wp\/v2\/product\/10113"}],"collection":[{"href":"https:\/\/www.sams-industrie.fr\/en\/wp-json\/wp\/v2\/product"}],"about":[{"href":"https:\/\/www.sams-industrie.fr\/en\/wp-json\/wp\/v2\/types\/product"}],"replies":[{"embeddable":true,"href":"https:\/\/www.sams-industrie.fr\/en\/wp-json\/wp\/v2\/comments?post=10113"}],"wp:featuredmedia":[{"embeddable":true,"href":"https:\/\/www.sams-industrie.fr\/en\/wp-json\/wp\/v2\/media\/11618"}],"wp:attachment":[{"href":"https:\/\/www.sams-industrie.fr\/en\/wp-json\/wp\/v2\/media?parent=10113"}],"curies":[{"name":"wp","href":"https:\/\/api.w.org\/{rel}","templated":true}]}}