{"id":10106,"date":"2025-02-05T09:51:08","date_gmt":"2025-02-05T08:51:08","guid":{"rendered":"https:\/\/www.sams-industrie.fr\/product\/axe-de-liaison-de-bielle-reference-agrafeuse\/"},"modified":"2025-10-14T15:29:12","modified_gmt":"2025-10-14T13:29:12","slug":"axe-de-liaison-de-bielle-reference-agrafeuse","status":"publish","type":"product","link":"https:\/\/www.sams-industrie.fr\/en\/product\/axe-de-liaison-de-bielle-reference-agrafeuse\/","title":{"rendered":"Connecting rod pivot pin<br> Reference CJ-015-111"},"content":{"rendered":"","protected":false},"excerpt":{"rendered":"<p>RAPIDEX<br \/>\nR\u00e9f\u00e9rence constructeur : CJ-015-111<br \/>\nR\u00e9f\u00e9rences \u00e9quivalentes : CJ015111 \/ MCJ015111 \/ RAPCJ015111<\/p>","protected":false},"featured_media":11615,"comment_status":"open","ping_status":"closed","template":"","meta":[],"_links":{"self":[{"href":"https:\/\/www.sams-industrie.fr\/en\/wp-json\/wp\/v2\/product\/10106"}],"collection":[{"href":"https:\/\/www.sams-industrie.fr\/en\/wp-json\/wp\/v2\/product"}],"about":[{"href":"https:\/\/www.sams-industrie.fr\/en\/wp-json\/wp\/v2\/types\/product"}],"replies":[{"embeddable":true,"href":"https:\/\/www.sams-industrie.fr\/en\/wp-json\/wp\/v2\/comments?post=10106"}],"wp:featuredmedia":[{"embeddable":true,"href":"https:\/\/www.sams-industrie.fr\/en\/wp-json\/wp\/v2\/media\/11615"}],"wp:attachment":[{"href":"https:\/\/www.sams-industrie.fr\/en\/wp-json\/wp\/v2\/media?parent=10106"}],"curies":[{"name":"wp","href":"https:\/\/api.w.org\/{rel}","templated":true}]}}