{"id":10104,"date":"2025-02-05T09:51:06","date_gmt":"2025-02-05T08:51:06","guid":{"rendered":"https:\/\/www.sams-industrie.fr\/product\/rondelle-reference-agrafeuse\/"},"modified":"2025-10-14T15:27:26","modified_gmt":"2025-10-14T13:27:26","slug":"rondelle-reference-agrafeuse","status":"publish","type":"product","link":"https:\/\/www.sams-industrie.fr\/en\/product\/rondelle-reference-agrafeuse\/","title":{"rendered":"Washer<br> Reference R13355"},"content":{"rendered":"","protected":false},"excerpt":{"rendered":"<p>RAPIDEX<br \/>\nR\u00e9f\u00e9rence constructeur : R13355<br \/>\nR\u00e9f\u00e9rences \u00e9quivalentes : R13355 \/ MGF001021 \/ RAPGF001021<\/p>","protected":false},"featured_media":11613,"comment_status":"open","ping_status":"closed","template":"","meta":[],"_links":{"self":[{"href":"https:\/\/www.sams-industrie.fr\/en\/wp-json\/wp\/v2\/product\/10104"}],"collection":[{"href":"https:\/\/www.sams-industrie.fr\/en\/wp-json\/wp\/v2\/product"}],"about":[{"href":"https:\/\/www.sams-industrie.fr\/en\/wp-json\/wp\/v2\/types\/product"}],"replies":[{"embeddable":true,"href":"https:\/\/www.sams-industrie.fr\/en\/wp-json\/wp\/v2\/comments?post=10104"}],"wp:featuredmedia":[{"embeddable":true,"href":"https:\/\/www.sams-industrie.fr\/en\/wp-json\/wp\/v2\/media\/11613"}],"wp:attachment":[{"href":"https:\/\/www.sams-industrie.fr\/en\/wp-json\/wp\/v2\/media?parent=10104"}],"curies":[{"name":"wp","href":"https:\/\/api.w.org\/{rel}","templated":true}]}}