{"id":10102,"date":"2025-02-05T09:51:05","date_gmt":"2025-02-05T08:51:05","guid":{"rendered":"https:\/\/www.sams-industrie.fr\/product\/entretoise-de-bielle-de-goulotte-reference-agrafeuse\/"},"modified":"2025-10-14T15:25:44","modified_gmt":"2025-10-14T13:25:44","slug":"entretoise-de-bielle-de-goulotte-reference-agrafeuse","status":"publish","type":"product","link":"https:\/\/www.sams-industrie.fr\/en\/product\/entretoise-de-bielle-de-goulotte-reference-agrafeuse\/","title":{"rendered":"Chute connecting rod spacer<br> Reference CJ-015-015"},"content":{"rendered":"","protected":false},"excerpt":{"rendered":"<p>RAPIDEX<br \/>\nR\u00e9f\u00e9rence constructeur : CJ-015-015<br \/>\nR\u00e9f\u00e9rences \u00e9quivalentes : CJ015015 \/ MCJ015015 \/ RAPCJ015015<\/p>","protected":false},"featured_media":11611,"comment_status":"open","ping_status":"closed","template":"","meta":[],"_links":{"self":[{"href":"https:\/\/www.sams-industrie.fr\/en\/wp-json\/wp\/v2\/product\/10102"}],"collection":[{"href":"https:\/\/www.sams-industrie.fr\/en\/wp-json\/wp\/v2\/product"}],"about":[{"href":"https:\/\/www.sams-industrie.fr\/en\/wp-json\/wp\/v2\/types\/product"}],"replies":[{"embeddable":true,"href":"https:\/\/www.sams-industrie.fr\/en\/wp-json\/wp\/v2\/comments?post=10102"}],"wp:featuredmedia":[{"embeddable":true,"href":"https:\/\/www.sams-industrie.fr\/en\/wp-json\/wp\/v2\/media\/11611"}],"wp:attachment":[{"href":"https:\/\/www.sams-industrie.fr\/en\/wp-json\/wp\/v2\/media?parent=10102"}],"curies":[{"name":"wp","href":"https:\/\/api.w.org\/{rel}","templated":true}]}}