{"id":10100,"date":"2025-02-05T09:51:03","date_gmt":"2025-02-05T08:51:03","guid":{"rendered":"https:\/\/www.sams-industrie.fr\/product\/goulotte-a-gauche-patte-45-60-reference-agrafeuse-3\/"},"modified":"2025-02-19T11:53:54","modified_gmt":"2025-02-19T10:53:54","slug":"goulotte-a-gauche-patte-45-60-reference-agrafeuse-3","status":"publish","type":"product","link":"https:\/\/www.sams-industrie.fr\/en\/product\/goulotte-a-gauche-patte-45-60-reference-agrafeuse-3\/","title":{"rendered":"Left chute leg 45-60<br> Reference CJ-015-210"},"content":{"rendered":"","protected":false},"excerpt":{"rendered":"<p>RAPIDEX <br \/> R\u00e9f\u00e9rence constructeur : CJ-015-210<br \/> R\u00e9f\u00e9rences \u00e9quivalentes : CJ015210 \/ MCJ015210 \/ RAPCJ015210<\/p>","protected":false},"featured_media":0,"comment_status":"open","ping_status":"closed","template":"","meta":[],"_links":{"self":[{"href":"https:\/\/www.sams-industrie.fr\/en\/wp-json\/wp\/v2\/product\/10100"}],"collection":[{"href":"https:\/\/www.sams-industrie.fr\/en\/wp-json\/wp\/v2\/product"}],"about":[{"href":"https:\/\/www.sams-industrie.fr\/en\/wp-json\/wp\/v2\/types\/product"}],"replies":[{"embeddable":true,"href":"https:\/\/www.sams-industrie.fr\/en\/wp-json\/wp\/v2\/comments?post=10100"}],"wp:attachment":[{"href":"https:\/\/www.sams-industrie.fr\/en\/wp-json\/wp\/v2\/media?parent=10100"}],"curies":[{"name":"wp","href":"https:\/\/api.w.org\/{rel}","templated":true}]}}