{"id":10098,"date":"2025-02-05T09:51:02","date_gmt":"2025-02-05T08:51:02","guid":{"rendered":"https:\/\/www.sams-industrie.fr\/product\/goulotte-a-gauche-patte-45-60-reference-agrafeuse-2\/"},"modified":"2025-02-19T11:53:51","modified_gmt":"2025-02-19T10:53:51","slug":"goulotte-a-gauche-patte-45-60-reference-agrafeuse-2","status":"publish","type":"product","link":"https:\/\/www.sams-industrie.fr\/en\/product\/goulotte-a-gauche-patte-45-60-reference-agrafeuse-2\/","title":{"rendered":"Left chute leg 45-60<br> Reference CJ-015-020"},"content":{"rendered":"","protected":false},"excerpt":{"rendered":"<p>RAPIDEX <br \/> R\u00e9f\u00e9rence constructeur : CJ-015-020<br \/> R\u00e9f\u00e9rences \u00e9quivalentes : CJ015020 \/ MCJ015020 \/ RAPCJ015020<\/p>","protected":false},"featured_media":0,"comment_status":"open","ping_status":"closed","template":"","meta":[],"_links":{"self":[{"href":"https:\/\/www.sams-industrie.fr\/en\/wp-json\/wp\/v2\/product\/10098"}],"collection":[{"href":"https:\/\/www.sams-industrie.fr\/en\/wp-json\/wp\/v2\/product"}],"about":[{"href":"https:\/\/www.sams-industrie.fr\/en\/wp-json\/wp\/v2\/types\/product"}],"replies":[{"embeddable":true,"href":"https:\/\/www.sams-industrie.fr\/en\/wp-json\/wp\/v2\/comments?post=10098"}],"wp:attachment":[{"href":"https:\/\/www.sams-industrie.fr\/en\/wp-json\/wp\/v2\/media?parent=10098"}],"curies":[{"name":"wp","href":"https:\/\/api.w.org\/{rel}","templated":true}]}}