{"id":10096,"date":"2025-02-05T09:50:59","date_gmt":"2025-02-05T08:50:59","guid":{"rendered":"https:\/\/www.sams-industrie.fr\/product\/vis-de-goulotte-reference-agrafeuse\/"},"modified":"2025-10-14T15:25:00","modified_gmt":"2025-10-14T13:25:00","slug":"vis-de-goulotte-reference-agrafeuse","status":"publish","type":"product","link":"https:\/\/www.sams-industrie.fr\/en\/product\/vis-de-goulotte-reference-agrafeuse\/","title":{"rendered":"Chute screw<br> Reference CJ-015-308"},"content":{"rendered":"","protected":false},"excerpt":{"rendered":"<p>RAPIDEX<br \/>\nR\u00e9f\u00e9rence constructeur : CJ-015-308<br \/>\nR\u00e9f\u00e9rences \u00e9quivalentes : CJ015308 \/ MCJ015308 \/ RAPCJ015308<\/p>","protected":false},"featured_media":11610,"comment_status":"open","ping_status":"closed","template":"","meta":[],"_links":{"self":[{"href":"https:\/\/www.sams-industrie.fr\/en\/wp-json\/wp\/v2\/product\/10096"}],"collection":[{"href":"https:\/\/www.sams-industrie.fr\/en\/wp-json\/wp\/v2\/product"}],"about":[{"href":"https:\/\/www.sams-industrie.fr\/en\/wp-json\/wp\/v2\/types\/product"}],"replies":[{"embeddable":true,"href":"https:\/\/www.sams-industrie.fr\/en\/wp-json\/wp\/v2\/comments?post=10096"}],"wp:featuredmedia":[{"embeddable":true,"href":"https:\/\/www.sams-industrie.fr\/en\/wp-json\/wp\/v2\/media\/11610"}],"wp:attachment":[{"href":"https:\/\/www.sams-industrie.fr\/en\/wp-json\/wp\/v2\/media?parent=10096"}],"curies":[{"name":"wp","href":"https:\/\/api.w.org\/{rel}","templated":true}]}}