{"id":10095,"date":"2025-02-05T09:50:58","date_gmt":"2025-02-05T08:50:58","guid":{"rendered":"https:\/\/www.sams-industrie.fr\/product\/bague-de-goulotte-reference-agrafeuse\/"},"modified":"2025-10-14T15:24:11","modified_gmt":"2025-10-14T13:24:11","slug":"bague-de-goulotte-reference-agrafeuse","status":"publish","type":"product","link":"https:\/\/www.sams-industrie.fr\/en\/product\/bague-de-goulotte-reference-agrafeuse\/","title":{"rendered":"Chute ring<br> Reference CJ-015-306"},"content":{"rendered":"","protected":false},"excerpt":{"rendered":"<p>RAPIDEX<br \/>\nR\u00e9f\u00e9rence constructeur : CJ-015-306<br \/>\nR\u00e9f\u00e9rences \u00e9quivalentes : CJ015306 \/ MCJ015306 \/ RAPCJ015306<\/p>","protected":false},"featured_media":11609,"comment_status":"open","ping_status":"closed","template":"","meta":[],"_links":{"self":[{"href":"https:\/\/www.sams-industrie.fr\/en\/wp-json\/wp\/v2\/product\/10095"}],"collection":[{"href":"https:\/\/www.sams-industrie.fr\/en\/wp-json\/wp\/v2\/product"}],"about":[{"href":"https:\/\/www.sams-industrie.fr\/en\/wp-json\/wp\/v2\/types\/product"}],"replies":[{"embeddable":true,"href":"https:\/\/www.sams-industrie.fr\/en\/wp-json\/wp\/v2\/comments?post=10095"}],"wp:featuredmedia":[{"embeddable":true,"href":"https:\/\/www.sams-industrie.fr\/en\/wp-json\/wp\/v2\/media\/11609"}],"wp:attachment":[{"href":"https:\/\/www.sams-industrie.fr\/en\/wp-json\/wp\/v2\/media?parent=10095"}],"curies":[{"name":"wp","href":"https:\/\/api.w.org\/{rel}","templated":true}]}}