{"id":10092,"date":"2025-02-05T09:50:56","date_gmt":"2025-02-05T08:50:56","guid":{"rendered":"https:\/\/www.sams-industrie.fr\/product\/goulotte-a-gauche-patte-45-60-reference-agrafeuse\/"},"modified":"2025-10-14T15:23:24","modified_gmt":"2025-10-14T13:23:24","slug":"goulotte-a-gauche-patte-45-60-reference-agrafeuse","status":"publish","type":"product","link":"https:\/\/www.sams-industrie.fr\/en\/product\/goulotte-a-gauche-patte-45-60-reference-agrafeuse\/","title":{"rendered":"Left chute leg 45-60<br> Reference CJ-015-302"},"content":{"rendered":"","protected":false},"excerpt":{"rendered":"<p>RAPIDEX<br \/>\nR\u00e9f\u00e9rence constructeur : CJ-015-302<br \/>\nR\u00e9f\u00e9rences \u00e9quivalentes : CJ015302 \/ MCJ015302 \/ RAPCJ015302<\/p>","protected":false},"featured_media":11608,"comment_status":"open","ping_status":"closed","template":"","meta":[],"_links":{"self":[{"href":"https:\/\/www.sams-industrie.fr\/en\/wp-json\/wp\/v2\/product\/10092"}],"collection":[{"href":"https:\/\/www.sams-industrie.fr\/en\/wp-json\/wp\/v2\/product"}],"about":[{"href":"https:\/\/www.sams-industrie.fr\/en\/wp-json\/wp\/v2\/types\/product"}],"replies":[{"embeddable":true,"href":"https:\/\/www.sams-industrie.fr\/en\/wp-json\/wp\/v2\/comments?post=10092"}],"wp:featuredmedia":[{"embeddable":true,"href":"https:\/\/www.sams-industrie.fr\/en\/wp-json\/wp\/v2\/media\/11608"}],"wp:attachment":[{"href":"https:\/\/www.sams-industrie.fr\/en\/wp-json\/wp\/v2\/media?parent=10092"}],"curies":[{"name":"wp","href":"https:\/\/api.w.org\/{rel}","templated":true}]}}