{"id":10091,"date":"2025-02-05T09:50:55","date_gmt":"2025-02-05T08:50:55","guid":{"rendered":"https:\/\/www.sams-industrie.fr\/product\/goulotte-a-gauche-reference-agrafeuse\/"},"modified":"2025-02-19T11:53:46","modified_gmt":"2025-02-19T10:53:46","slug":"goulotte-a-gauche-reference-agrafeuse","status":"publish","type":"product","link":"https:\/\/www.sams-industrie.fr\/en\/product\/goulotte-a-gauche-reference-agrafeuse\/","title":{"rendered":"Chute on the left<br> Reference CJ-015-550"},"content":{"rendered":"","protected":false},"excerpt":{"rendered":"<p>RAPIDEX <br \/> R\u00e9f\u00e9rence constructeur : CJ-015-550<br \/> R\u00e9f\u00e9rences \u00e9quivalentes : CJ015550 \/ MCJ015550 \/ RAPCJ015550<\/p>","protected":false},"featured_media":0,"comment_status":"open","ping_status":"closed","template":"","meta":[],"_links":{"self":[{"href":"https:\/\/www.sams-industrie.fr\/en\/wp-json\/wp\/v2\/product\/10091"}],"collection":[{"href":"https:\/\/www.sams-industrie.fr\/en\/wp-json\/wp\/v2\/product"}],"about":[{"href":"https:\/\/www.sams-industrie.fr\/en\/wp-json\/wp\/v2\/types\/product"}],"replies":[{"embeddable":true,"href":"https:\/\/www.sams-industrie.fr\/en\/wp-json\/wp\/v2\/comments?post=10091"}],"wp:attachment":[{"href":"https:\/\/www.sams-industrie.fr\/en\/wp-json\/wp\/v2\/media?parent=10091"}],"curies":[{"name":"wp","href":"https:\/\/api.w.org\/{rel}","templated":true}]}}