{"id":10088,"date":"2025-02-05T09:50:52","date_gmt":"2025-02-05T08:50:52","guid":{"rendered":"https:\/\/www.sams-industrie.fr\/product\/rehausse-reference-agrafeuse\/"},"modified":"2025-02-19T11:53:44","modified_gmt":"2025-02-19T10:53:44","slug":"rehausse-reference-agrafeuse","status":"publish","type":"product","link":"https:\/\/www.sams-industrie.fr\/en\/product\/rehausse-reference-agrafeuse\/","title":{"rendered":"Enhancement<br> Reference CJ-015-040"},"content":{"rendered":"","protected":false},"excerpt":{"rendered":"<p>RAPIDEX 2PC721<br \/> R\u00e9f\u00e9rence constructeur : CJ-015-040<br \/> R\u00e9f\u00e9rences \u00e9quivalentes : CJ015040 \/ MCJ015040 \/ RAPCJ015040<\/p>","protected":false},"featured_media":0,"comment_status":"open","ping_status":"closed","template":"","meta":[],"_links":{"self":[{"href":"https:\/\/www.sams-industrie.fr\/en\/wp-json\/wp\/v2\/product\/10088"}],"collection":[{"href":"https:\/\/www.sams-industrie.fr\/en\/wp-json\/wp\/v2\/product"}],"about":[{"href":"https:\/\/www.sams-industrie.fr\/en\/wp-json\/wp\/v2\/types\/product"}],"replies":[{"embeddable":true,"href":"https:\/\/www.sams-industrie.fr\/en\/wp-json\/wp\/v2\/comments?post=10088"}],"wp:attachment":[{"href":"https:\/\/www.sams-industrie.fr\/en\/wp-json\/wp\/v2\/media?parent=10088"}],"curies":[{"name":"wp","href":"https:\/\/api.w.org\/{rel}","templated":true}]}}