{"id":10087,"date":"2025-02-05T09:50:51","date_gmt":"2025-02-05T08:50:51","guid":{"rendered":"https:\/\/www.sams-industrie.fr\/product\/goulotte-monobloc-a-droite-patte-50-reference-agrafeuse\/"},"modified":"2025-02-19T11:53:43","modified_gmt":"2025-02-19T10:53:43","slug":"goulotte-monobloc-a-droite-patte-50-reference-agrafeuse","status":"publish","type":"product","link":"https:\/\/www.sams-industrie.fr\/en\/product\/goulotte-monobloc-a-droite-patte-50-reference-agrafeuse\/","title":{"rendered":"Single-piece chute on the right, leg 50<br> Reference CJ-015-230"},"content":{"rendered":"","protected":false},"excerpt":{"rendered":"<p>RAPIDEX <br \/> R\u00e9f\u00e9rence constructeur : CJ-015-230<br \/> R\u00e9f\u00e9rences \u00e9quivalentes : CJ015230 \/ MCJ015230 \/ RAPCJ015230<\/p>","protected":false},"featured_media":0,"comment_status":"open","ping_status":"closed","template":"","meta":[],"_links":{"self":[{"href":"https:\/\/www.sams-industrie.fr\/en\/wp-json\/wp\/v2\/product\/10087"}],"collection":[{"href":"https:\/\/www.sams-industrie.fr\/en\/wp-json\/wp\/v2\/product"}],"about":[{"href":"https:\/\/www.sams-industrie.fr\/en\/wp-json\/wp\/v2\/types\/product"}],"replies":[{"embeddable":true,"href":"https:\/\/www.sams-industrie.fr\/en\/wp-json\/wp\/v2\/comments?post=10087"}],"wp:attachment":[{"href":"https:\/\/www.sams-industrie.fr\/en\/wp-json\/wp\/v2\/media?parent=10087"}],"curies":[{"name":"wp","href":"https:\/\/api.w.org\/{rel}","templated":true}]}}