{"id":10086,"date":"2025-02-05T09:50:50","date_gmt":"2025-02-05T08:50:50","guid":{"rendered":"https:\/\/www.sams-industrie.fr\/product\/ensemble-goulotte-monobloc-a-gauche-patte-45-reference-agrafeuse\/"},"modified":"2025-02-19T11:53:43","modified_gmt":"2025-02-19T10:53:43","slug":"ensemble-goulotte-monobloc-a-gauche-patte-45-reference-agrafeuse","status":"publish","type":"product","link":"https:\/\/www.sams-industrie.fr\/en\/product\/ensemble-goulotte-monobloc-a-gauche-patte-45-reference-agrafeuse\/","title":{"rendered":"One-piece left-hand chute assembly, 45-leg<br> Reference BAH-1405-A110"},"content":{"rendered":"","protected":false},"excerpt":{"rendered":"<p>RAPIDEX <br \/> R\u00e9f\u00e9rence constructeur : BAH-1405-A110<br \/> R\u00e9f\u00e9rences \u00e9quivalentes : BAH1405A110 \/ MBAH1405A110 \/ RAPBAH1405A110<\/p>","protected":false},"featured_media":0,"comment_status":"open","ping_status":"closed","template":"","meta":[],"_links":{"self":[{"href":"https:\/\/www.sams-industrie.fr\/en\/wp-json\/wp\/v2\/product\/10086"}],"collection":[{"href":"https:\/\/www.sams-industrie.fr\/en\/wp-json\/wp\/v2\/product"}],"about":[{"href":"https:\/\/www.sams-industrie.fr\/en\/wp-json\/wp\/v2\/types\/product"}],"replies":[{"embeddable":true,"href":"https:\/\/www.sams-industrie.fr\/en\/wp-json\/wp\/v2\/comments?post=10086"}],"wp:attachment":[{"href":"https:\/\/www.sams-industrie.fr\/en\/wp-json\/wp\/v2\/media?parent=10086"}],"curies":[{"name":"wp","href":"https:\/\/api.w.org\/{rel}","templated":true}]}}