{"id":10085,"date":"2025-02-05T09:50:49","date_gmt":"2025-02-05T08:50:49","guid":{"rendered":"https:\/\/www.sams-industrie.fr\/product\/goulotte-monobloc-a-gauche-patte-45-reference-agrafeuse-2\/"},"modified":"2025-10-14T15:22:26","modified_gmt":"2025-10-14T13:22:26","slug":"goulotte-monobloc-a-gauche-patte-45-reference-agrafeuse-2","status":"publish","type":"product","link":"https:\/\/www.sams-industrie.fr\/en\/product\/goulotte-monobloc-a-gauche-patte-45-reference-agrafeuse-2\/","title":{"rendered":"One-piece chute on the left, leg 45<br> Reference CJ-015-301"},"content":{"rendered":"","protected":false},"excerpt":{"rendered":"<p>RAPIDEX RAPIDTWIN<br \/>\nR\u00e9f\u00e9rence constructeur : CJ-015-301<br \/>\nR\u00e9f\u00e9rences \u00e9quivalentes : CJ015301 \/ MCJ015301 \/ RAPCJ015301<\/p>","protected":false},"featured_media":11607,"comment_status":"open","ping_status":"closed","template":"","meta":[],"_links":{"self":[{"href":"https:\/\/www.sams-industrie.fr\/en\/wp-json\/wp\/v2\/product\/10085"}],"collection":[{"href":"https:\/\/www.sams-industrie.fr\/en\/wp-json\/wp\/v2\/product"}],"about":[{"href":"https:\/\/www.sams-industrie.fr\/en\/wp-json\/wp\/v2\/types\/product"}],"replies":[{"embeddable":true,"href":"https:\/\/www.sams-industrie.fr\/en\/wp-json\/wp\/v2\/comments?post=10085"}],"wp:featuredmedia":[{"embeddable":true,"href":"https:\/\/www.sams-industrie.fr\/en\/wp-json\/wp\/v2\/media\/11607"}],"wp:attachment":[{"href":"https:\/\/www.sams-industrie.fr\/en\/wp-json\/wp\/v2\/media?parent=10085"}],"curies":[{"name":"wp","href":"https:\/\/api.w.org\/{rel}","templated":true}]}}