{"id":10083,"date":"2025-02-05T09:50:47","date_gmt":"2025-02-05T08:50:47","guid":{"rendered":"https:\/\/www.sams-industrie.fr\/product\/goulotte-monobloc-a-gauche-patte-80-reference-agrafeuse\/"},"modified":"2025-10-14T15:21:42","modified_gmt":"2025-10-14T13:21:42","slug":"goulotte-monobloc-a-gauche-patte-80-reference-agrafeuse","status":"publish","type":"product","link":"https:\/\/www.sams-industrie.fr\/en\/product\/goulotte-monobloc-a-gauche-patte-80-reference-agrafeuse\/","title":{"rendered":"Single-piece chute on the left, leg 80<br> Reference CJ-015-550"},"content":{"rendered":"","protected":false},"excerpt":{"rendered":"<p>RAPIDEX<br \/>\nR\u00e9f\u00e9rence constructeur : CJ-015-550<br \/>\nR\u00e9f\u00e9rences \u00e9quivalentes : CJ015550 \/ MCJ015550 \/ RAPCJ015550<\/p>","protected":false},"featured_media":11606,"comment_status":"open","ping_status":"closed","template":"","meta":[],"_links":{"self":[{"href":"https:\/\/www.sams-industrie.fr\/en\/wp-json\/wp\/v2\/product\/10083"}],"collection":[{"href":"https:\/\/www.sams-industrie.fr\/en\/wp-json\/wp\/v2\/product"}],"about":[{"href":"https:\/\/www.sams-industrie.fr\/en\/wp-json\/wp\/v2\/types\/product"}],"replies":[{"embeddable":true,"href":"https:\/\/www.sams-industrie.fr\/en\/wp-json\/wp\/v2\/comments?post=10083"}],"wp:featuredmedia":[{"embeddable":true,"href":"https:\/\/www.sams-industrie.fr\/en\/wp-json\/wp\/v2\/media\/11606"}],"wp:attachment":[{"href":"https:\/\/www.sams-industrie.fr\/en\/wp-json\/wp\/v2\/media?parent=10083"}],"curies":[{"name":"wp","href":"https:\/\/api.w.org\/{rel}","templated":true}]}}