{"id":10081,"date":"2025-02-05T09:50:45","date_gmt":"2025-02-05T08:50:45","guid":{"rendered":"https:\/\/www.sams-industrie.fr\/product\/goulotte-a-droite-patte-80-montee-reference-agrafeuse\/"},"modified":"2025-02-19T11:53:39","modified_gmt":"2025-02-19T10:53:39","slug":"goulotte-a-droite-patte-80-montee-reference-agrafeuse","status":"publish","type":"product","link":"https:\/\/www.sams-industrie.fr\/en\/product\/goulotte-a-droite-patte-80-montee-reference-agrafeuse\/","title":{"rendered":"Right chute leg 80 \u2013 mounted<br> Reference SCJ-015-630"},"content":{"rendered":"","protected":false},"excerpt":{"rendered":"<p>RAPIDEX <br \/> R\u00e9f\u00e9rence constructeur : SCJ-015-630<br \/> R\u00e9f\u00e9rences \u00e9quivalentes : SCJ015630 \/ SCJ015630 \/ SCJ015630<\/p>","protected":false},"featured_media":0,"comment_status":"open","ping_status":"closed","template":"","meta":[],"_links":{"self":[{"href":"https:\/\/www.sams-industrie.fr\/en\/wp-json\/wp\/v2\/product\/10081"}],"collection":[{"href":"https:\/\/www.sams-industrie.fr\/en\/wp-json\/wp\/v2\/product"}],"about":[{"href":"https:\/\/www.sams-industrie.fr\/en\/wp-json\/wp\/v2\/types\/product"}],"replies":[{"embeddable":true,"href":"https:\/\/www.sams-industrie.fr\/en\/wp-json\/wp\/v2\/comments?post=10081"}],"wp:attachment":[{"href":"https:\/\/www.sams-industrie.fr\/en\/wp-json\/wp\/v2\/media?parent=10081"}],"curies":[{"name":"wp","href":"https:\/\/api.w.org\/{rel}","templated":true}]}}