{"id":10077,"date":"2025-02-05T09:50:41","date_gmt":"2025-02-05T08:50:41","guid":{"rendered":"https:\/\/www.sams-industrie.fr\/product\/pince-de-mandrin-reference-agrafeuse-5\/"},"modified":"2025-10-14T15:10:38","modified_gmt":"2025-10-14T13:10:38","slug":"pince-de-mandrin-reference-agrafeuse-5","status":"publish","type":"product","link":"https:\/\/www.sams-industrie.fr\/en\/product\/pince-de-mandrin-reference-agrafeuse-5\/","title":{"rendered":"Chuck clamp<br> Reference PS1415B"},"content":{"rendered":"","protected":false},"excerpt":{"rendered":"<p>RAPIDEX PS<br \/>\nR\u00e9f\u00e9rence constructeur : PS1415B<br \/>\nR\u00e9f\u00e9rences \u00e9quivalentes : PS1415B \/ MPS1415B \/ RAPPS1415B<\/p>","protected":false},"featured_media":11598,"comment_status":"open","ping_status":"closed","template":"","meta":[],"_links":{"self":[{"href":"https:\/\/www.sams-industrie.fr\/en\/wp-json\/wp\/v2\/product\/10077"}],"collection":[{"href":"https:\/\/www.sams-industrie.fr\/en\/wp-json\/wp\/v2\/product"}],"about":[{"href":"https:\/\/www.sams-industrie.fr\/en\/wp-json\/wp\/v2\/types\/product"}],"replies":[{"embeddable":true,"href":"https:\/\/www.sams-industrie.fr\/en\/wp-json\/wp\/v2\/comments?post=10077"}],"wp:featuredmedia":[{"embeddable":true,"href":"https:\/\/www.sams-industrie.fr\/en\/wp-json\/wp\/v2\/media\/11598"}],"wp:attachment":[{"href":"https:\/\/www.sams-industrie.fr\/en\/wp-json\/wp\/v2\/media?parent=10077"}],"curies":[{"name":"wp","href":"https:\/\/api.w.org\/{rel}","templated":true}]}}