{"id":10076,"date":"2025-02-05T09:50:41","date_gmt":"2025-02-05T08:50:41","guid":{"rendered":"https:\/\/www.sams-industrie.fr\/product\/levier-reference-agrafeuse-2\/"},"modified":"2025-10-14T15:11:21","modified_gmt":"2025-10-14T13:11:21","slug":"levier-reference-agrafeuse-2","status":"publish","type":"product","link":"https:\/\/www.sams-industrie.fr\/en\/product\/levier-reference-agrafeuse-2\/","title":{"rendered":"Lever<br> Reference PS1112"},"content":{"rendered":"","protected":false},"excerpt":{"rendered":"<p>RAPIDEX PS<br \/>\nR\u00e9f\u00e9rence constructeur : PS1112<br \/>\nR\u00e9f\u00e9rences \u00e9quivalentes : PS1112 \/ MPS1112 \/ RAPPS1112<\/p>","protected":false},"featured_media":11599,"comment_status":"open","ping_status":"closed","template":"","meta":[],"_links":{"self":[{"href":"https:\/\/www.sams-industrie.fr\/en\/wp-json\/wp\/v2\/product\/10076"}],"collection":[{"href":"https:\/\/www.sams-industrie.fr\/en\/wp-json\/wp\/v2\/product"}],"about":[{"href":"https:\/\/www.sams-industrie.fr\/en\/wp-json\/wp\/v2\/types\/product"}],"replies":[{"embeddable":true,"href":"https:\/\/www.sams-industrie.fr\/en\/wp-json\/wp\/v2\/comments?post=10076"}],"wp:featuredmedia":[{"embeddable":true,"href":"https:\/\/www.sams-industrie.fr\/en\/wp-json\/wp\/v2\/media\/11599"}],"wp:attachment":[{"href":"https:\/\/www.sams-industrie.fr\/en\/wp-json\/wp\/v2\/media?parent=10076"}],"curies":[{"name":"wp","href":"https:\/\/api.w.org\/{rel}","templated":true}]}}