{"id":10074,"date":"2025-02-05T09:50:36","date_gmt":"2025-02-05T08:50:36","guid":{"rendered":"https:\/\/www.sams-industrie.fr\/product\/coulisse-pousseur-reference-agrafeuse\/"},"modified":"2025-10-14T15:12:54","modified_gmt":"2025-10-14T13:12:54","slug":"coulisse-pousseur-reference-agrafeuse","status":"publish","type":"product","link":"https:\/\/www.sams-industrie.fr\/en\/product\/coulisse-pousseur-reference-agrafeuse\/","title":{"rendered":"Pusher slide<br> Reference PS-1106"},"content":{"rendered":"","protected":false},"excerpt":{"rendered":"<p>RAPIDEX PS<br \/>\nR\u00e9f\u00e9rence constructeur : PS-1106<br \/>\nR\u00e9f\u00e9rences \u00e9quivalentes : PS1106 \/ MPS1106 \/ RAPPS1106<\/p>","protected":false},"featured_media":11601,"comment_status":"open","ping_status":"closed","template":"","meta":[],"_links":{"self":[{"href":"https:\/\/www.sams-industrie.fr\/en\/wp-json\/wp\/v2\/product\/10074"}],"collection":[{"href":"https:\/\/www.sams-industrie.fr\/en\/wp-json\/wp\/v2\/product"}],"about":[{"href":"https:\/\/www.sams-industrie.fr\/en\/wp-json\/wp\/v2\/types\/product"}],"replies":[{"embeddable":true,"href":"https:\/\/www.sams-industrie.fr\/en\/wp-json\/wp\/v2\/comments?post=10074"}],"wp:featuredmedia":[{"embeddable":true,"href":"https:\/\/www.sams-industrie.fr\/en\/wp-json\/wp\/v2\/media\/11601"}],"wp:attachment":[{"href":"https:\/\/www.sams-industrie.fr\/en\/wp-json\/wp\/v2\/media?parent=10074"}],"curies":[{"name":"wp","href":"https:\/\/api.w.org\/{rel}","templated":true}]}}