{"id":10071,"date":"2025-02-05T09:50:33","date_gmt":"2025-02-05T08:50:33","guid":{"rendered":"https:\/\/www.sams-industrie.fr\/product\/guide-fil-droite-reference-agrafeuse-2\/"},"modified":"2025-10-14T15:14:57","modified_gmt":"2025-10-14T13:14:57","slug":"guide-fil-droite-reference-agrafeuse-2","status":"publish","type":"product","link":"https:\/\/www.sams-industrie.fr\/en\/product\/guide-fil-droite-reference-agrafeuse-2\/","title":{"rendered":"Right wire guide<br> Reference PS-189B"},"content":{"rendered":"","protected":false},"excerpt":{"rendered":"<p>RAPIDEX PS<br \/>\nR\u00e9f\u00e9rence constructeur : PS-189B<br \/>\nR\u00e9f\u00e9rences \u00e9quivalentes : PS189B \/ MPS189B \/ RAPPS189B<\/p>","protected":false},"featured_media":11604,"comment_status":"open","ping_status":"closed","template":"","meta":[],"_links":{"self":[{"href":"https:\/\/www.sams-industrie.fr\/en\/wp-json\/wp\/v2\/product\/10071"}],"collection":[{"href":"https:\/\/www.sams-industrie.fr\/en\/wp-json\/wp\/v2\/product"}],"about":[{"href":"https:\/\/www.sams-industrie.fr\/en\/wp-json\/wp\/v2\/types\/product"}],"replies":[{"embeddable":true,"href":"https:\/\/www.sams-industrie.fr\/en\/wp-json\/wp\/v2\/comments?post=10071"}],"wp:featuredmedia":[{"embeddable":true,"href":"https:\/\/www.sams-industrie.fr\/en\/wp-json\/wp\/v2\/media\/11604"}],"wp:attachment":[{"href":"https:\/\/www.sams-industrie.fr\/en\/wp-json\/wp\/v2\/media?parent=10071"}],"curies":[{"name":"wp","href":"https:\/\/api.w.org\/{rel}","templated":true}]}}