{"id":10070,"date":"2025-02-05T09:50:32","date_gmt":"2025-02-05T08:50:32","guid":{"rendered":"https:\/\/www.sams-industrie.fr\/product\/guide-fil-droite-reference-agrafeuse\/"},"modified":"2025-10-14T14:42:25","modified_gmt":"2025-10-14T12:42:25","slug":"guide-fil-droite-reference-agrafeuse","status":"publish","type":"product","link":"https:\/\/www.sams-industrie.fr\/en\/product\/guide-fil-droite-reference-agrafeuse\/","title":{"rendered":"Right wire guide<br> Reference PS-189"},"content":{"rendered":"","protected":false},"excerpt":{"rendered":"<p>RAPIDEX PS<br \/>\nR\u00e9f\u00e9rence constructeur : PS-189<br \/>\nR\u00e9f\u00e9rences \u00e9quivalentes : PS189 \/ MPS189 \/ RAPPS189<\/p>","protected":false},"featured_media":11588,"comment_status":"open","ping_status":"closed","template":"","meta":[],"_links":{"self":[{"href":"https:\/\/www.sams-industrie.fr\/en\/wp-json\/wp\/v2\/product\/10070"}],"collection":[{"href":"https:\/\/www.sams-industrie.fr\/en\/wp-json\/wp\/v2\/product"}],"about":[{"href":"https:\/\/www.sams-industrie.fr\/en\/wp-json\/wp\/v2\/types\/product"}],"replies":[{"embeddable":true,"href":"https:\/\/www.sams-industrie.fr\/en\/wp-json\/wp\/v2\/comments?post=10070"}],"wp:featuredmedia":[{"embeddable":true,"href":"https:\/\/www.sams-industrie.fr\/en\/wp-json\/wp\/v2\/media\/11588"}],"wp:attachment":[{"href":"https:\/\/www.sams-industrie.fr\/en\/wp-json\/wp\/v2\/media?parent=10070"}],"curies":[{"name":"wp","href":"https:\/\/api.w.org\/{rel}","templated":true}]}}