{"id":10065,"date":"2025-02-05T09:50:28","date_gmt":"2025-02-05T08:50:28","guid":{"rendered":"https:\/\/www.sams-industrie.fr\/product\/coudeur-point-14-et-18-reference-agrafeuse\/"},"modified":"2025-10-14T14:38:21","modified_gmt":"2025-10-14T12:38:21","slug":"coudeur-point-14-et-18-reference-agrafeuse","status":"publish","type":"product","link":"https:\/\/www.sams-industrie.fr\/en\/product\/coudeur-point-14-et-18-reference-agrafeuse\/","title":{"rendered":"Stitch 14 and 18<br> Reference PS-137"},"content":{"rendered":"","protected":false},"excerpt":{"rendered":"<p>RAPIDEX PS<br \/>\nR\u00e9f\u00e9rence constructeur : PS-137<br \/>\nR\u00e9f\u00e9rences \u00e9quivalentes : PS137 \/ MPS137 \/ RAPPS137<\/p>","protected":false},"featured_media":11583,"comment_status":"open","ping_status":"closed","template":"","meta":[],"_links":{"self":[{"href":"https:\/\/www.sams-industrie.fr\/en\/wp-json\/wp\/v2\/product\/10065"}],"collection":[{"href":"https:\/\/www.sams-industrie.fr\/en\/wp-json\/wp\/v2\/product"}],"about":[{"href":"https:\/\/www.sams-industrie.fr\/en\/wp-json\/wp\/v2\/types\/product"}],"replies":[{"embeddable":true,"href":"https:\/\/www.sams-industrie.fr\/en\/wp-json\/wp\/v2\/comments?post=10065"}],"wp:featuredmedia":[{"embeddable":true,"href":"https:\/\/www.sams-industrie.fr\/en\/wp-json\/wp\/v2\/media\/11583"}],"wp:attachment":[{"href":"https:\/\/www.sams-industrie.fr\/en\/wp-json\/wp\/v2\/media?parent=10065"}],"curies":[{"name":"wp","href":"https:\/\/api.w.org\/{rel}","templated":true}]}}