{"id":10063,"date":"2025-02-05T09:50:27","date_gmt":"2025-02-05T08:50:27","guid":{"rendered":"https:\/\/www.sams-industrie.fr\/product\/declenchement-reference-agrafeuse-2\/"},"modified":"2025-10-14T14:35:10","modified_gmt":"2025-10-14T12:35:10","slug":"declenchement-reference-agrafeuse-2","status":"publish","type":"product","link":"https:\/\/www.sams-industrie.fr\/en\/product\/declenchement-reference-agrafeuse-2\/","title":{"rendered":"Triggering<br> Reference PS-108"},"content":{"rendered":"","protected":false},"excerpt":{"rendered":"<p>RAPIDEX PS<br \/>\nR\u00e9f\u00e9rence constructeur : PS-108<br \/>\nR\u00e9f\u00e9rences \u00e9quivalentes : PS108 \/ MPS108 \/ RAPPS108<\/p>","protected":false},"featured_media":11581,"comment_status":"open","ping_status":"closed","template":"","meta":[],"_links":{"self":[{"href":"https:\/\/www.sams-industrie.fr\/en\/wp-json\/wp\/v2\/product\/10063"}],"collection":[{"href":"https:\/\/www.sams-industrie.fr\/en\/wp-json\/wp\/v2\/product"}],"about":[{"href":"https:\/\/www.sams-industrie.fr\/en\/wp-json\/wp\/v2\/types\/product"}],"replies":[{"embeddable":true,"href":"https:\/\/www.sams-industrie.fr\/en\/wp-json\/wp\/v2\/comments?post=10063"}],"wp:featuredmedia":[{"embeddable":true,"href":"https:\/\/www.sams-industrie.fr\/en\/wp-json\/wp\/v2\/media\/11581"}],"wp:attachment":[{"href":"https:\/\/www.sams-industrie.fr\/en\/wp-json\/wp\/v2\/media?parent=10063"}],"curies":[{"name":"wp","href":"https:\/\/api.w.org\/{rel}","templated":true}]}}