{"id":10062,"date":"2025-02-05T09:50:26","date_gmt":"2025-02-05T08:50:26","guid":{"rendered":"https:\/\/www.sams-industrie.fr\/product\/coulisse-coudeur-reference-agrafeuse\/"},"modified":"2025-10-14T14:33:44","modified_gmt":"2025-10-14T12:33:44","slug":"coulisse-coudeur-reference-agrafeuse","status":"publish","type":"product","link":"https:\/\/www.sams-industrie.fr\/en\/product\/coulisse-coudeur-reference-agrafeuse\/","title":{"rendered":"Slide bender<br> Reference PS-104"},"content":{"rendered":"","protected":false},"excerpt":{"rendered":"<p>RAPIDEX PS<br \/>\nR\u00e9f\u00e9rence constructeur : PS-104<br \/>\nR\u00e9f\u00e9rences \u00e9quivalentes : PS104 \/ MPS104 \/ RAPPS104<\/p>","protected":false},"featured_media":11580,"comment_status":"open","ping_status":"closed","template":"","meta":[],"_links":{"self":[{"href":"https:\/\/www.sams-industrie.fr\/en\/wp-json\/wp\/v2\/product\/10062"}],"collection":[{"href":"https:\/\/www.sams-industrie.fr\/en\/wp-json\/wp\/v2\/product"}],"about":[{"href":"https:\/\/www.sams-industrie.fr\/en\/wp-json\/wp\/v2\/types\/product"}],"replies":[{"embeddable":true,"href":"https:\/\/www.sams-industrie.fr\/en\/wp-json\/wp\/v2\/comments?post=10062"}],"wp:featuredmedia":[{"embeddable":true,"href":"https:\/\/www.sams-industrie.fr\/en\/wp-json\/wp\/v2\/media\/11580"}],"wp:attachment":[{"href":"https:\/\/www.sams-industrie.fr\/en\/wp-json\/wp\/v2\/media?parent=10062"}],"curies":[{"name":"wp","href":"https:\/\/api.w.org\/{rel}","templated":true}]}}