{"id":10059,"date":"2025-02-05T09:50:24","date_gmt":"2025-02-05T08:50:24","guid":{"rendered":"https:\/\/www.sams-industrie.fr\/product\/pince-de-mandrin-reference-agrafeuse-4\/"},"modified":"2025-10-14T14:24:35","modified_gmt":"2025-10-14T12:24:35","slug":"pince-de-mandrin-reference-agrafeuse-4","status":"publish","type":"product","link":"https:\/\/www.sams-industrie.fr\/en\/product\/pince-de-mandrin-reference-agrafeuse-4\/","title":{"rendered":"Chuck clamp<br> Reference PS 1172"},"content":{"rendered":"","protected":false},"excerpt":{"rendered":"<p>RAPIDEX PS<br \/>\nR\u00e9f\u00e9rence constructeur : PS 1172<br \/>\nR\u00e9f\u00e9rences \u00e9quivalentes : PS1172 \/ MPS1172 \/ RAPPS1172<\/p>","protected":false},"featured_media":11577,"comment_status":"open","ping_status":"closed","template":"","meta":[],"_links":{"self":[{"href":"https:\/\/www.sams-industrie.fr\/en\/wp-json\/wp\/v2\/product\/10059"}],"collection":[{"href":"https:\/\/www.sams-industrie.fr\/en\/wp-json\/wp\/v2\/product"}],"about":[{"href":"https:\/\/www.sams-industrie.fr\/en\/wp-json\/wp\/v2\/types\/product"}],"replies":[{"embeddable":true,"href":"https:\/\/www.sams-industrie.fr\/en\/wp-json\/wp\/v2\/comments?post=10059"}],"wp:featuredmedia":[{"embeddable":true,"href":"https:\/\/www.sams-industrie.fr\/en\/wp-json\/wp\/v2\/media\/11577"}],"wp:attachment":[{"href":"https:\/\/www.sams-industrie.fr\/en\/wp-json\/wp\/v2\/media?parent=10059"}],"curies":[{"name":"wp","href":"https:\/\/api.w.org\/{rel}","templated":true}]}}