{"id":10058,"date":"2025-02-05T09:50:23","date_gmt":"2025-02-05T08:50:23","guid":{"rendered":"https:\/\/www.sams-industrie.fr\/product\/cisaille-point-14-fil-plat-reference-agrafeuse\/"},"modified":"2025-10-14T14:23:16","modified_gmt":"2025-10-14T12:23:16","slug":"cisaille-point-14-fil-plat-reference-agrafeuse","status":"publish","type":"product","link":"https:\/\/www.sams-industrie.fr\/en\/product\/cisaille-point-14-fil-plat-reference-agrafeuse\/","title":{"rendered":"14 point flat wire shears<br> Reference PS-221"},"content":{"rendered":"","protected":false},"excerpt":{"rendered":"<p>RAPIDEX PS<br \/>\nR\u00e9f\u00e9rence constructeur : PS-221<br \/>\nR\u00e9f\u00e9rences \u00e9quivalentes : PS221 \/ MPS221 \/ RAPPS221<\/p>","protected":false},"featured_media":11575,"comment_status":"open","ping_status":"closed","template":"","meta":[],"_links":{"self":[{"href":"https:\/\/www.sams-industrie.fr\/en\/wp-json\/wp\/v2\/product\/10058"}],"collection":[{"href":"https:\/\/www.sams-industrie.fr\/en\/wp-json\/wp\/v2\/product"}],"about":[{"href":"https:\/\/www.sams-industrie.fr\/en\/wp-json\/wp\/v2\/types\/product"}],"replies":[{"embeddable":true,"href":"https:\/\/www.sams-industrie.fr\/en\/wp-json\/wp\/v2\/comments?post=10058"}],"wp:featuredmedia":[{"embeddable":true,"href":"https:\/\/www.sams-industrie.fr\/en\/wp-json\/wp\/v2\/media\/11575"}],"wp:attachment":[{"href":"https:\/\/www.sams-industrie.fr\/en\/wp-json\/wp\/v2\/media?parent=10058"}],"curies":[{"name":"wp","href":"https:\/\/api.w.org\/{rel}","templated":true}]}}