{"id":10055,"date":"2025-02-05T09:50:20","date_gmt":"2025-02-05T08:50:20","guid":{"rendered":"https:\/\/www.sams-industrie.fr\/product\/pignon-de-commande-de-cremaillere-reference-agrafeuse\/"},"modified":"2025-02-19T11:53:19","modified_gmt":"2025-02-19T10:53:19","slug":"pignon-de-commande-de-cremaillere-reference-agrafeuse","status":"publish","type":"product","link":"https:\/\/www.sams-industrie.fr\/en\/product\/pignon-de-commande-de-cremaillere-reference-agrafeuse\/","title":{"rendered":"Rack drive pinion<br> Reference EC21-011-078"},"content":{"rendered":"","protected":false},"excerpt":{"rendered":"<p>RAPIDEX EC21<br \/> R\u00e9f\u00e9rence constructeur : EC21-011-078<br \/> R\u00e9f\u00e9rences \u00e9quivalentes : EC21011078 \/ MEC21011078 \/ RAPEC21011078<\/p>","protected":false},"featured_media":0,"comment_status":"open","ping_status":"closed","template":"","meta":[],"_links":{"self":[{"href":"https:\/\/www.sams-industrie.fr\/en\/wp-json\/wp\/v2\/product\/10055"}],"collection":[{"href":"https:\/\/www.sams-industrie.fr\/en\/wp-json\/wp\/v2\/product"}],"about":[{"href":"https:\/\/www.sams-industrie.fr\/en\/wp-json\/wp\/v2\/types\/product"}],"replies":[{"embeddable":true,"href":"https:\/\/www.sams-industrie.fr\/en\/wp-json\/wp\/v2\/comments?post=10055"}],"wp:attachment":[{"href":"https:\/\/www.sams-industrie.fr\/en\/wp-json\/wp\/v2\/media?parent=10055"}],"curies":[{"name":"wp","href":"https:\/\/api.w.org\/{rel}","templated":true}]}}