{"id":10054,"date":"2025-02-05T09:50:19","date_gmt":"2025-02-05T08:50:19","guid":{"rendered":"https:\/\/www.sams-industrie.fr\/product\/cremailliere-de-debit-de-fil-reference-agrafeuse\/"},"modified":"2025-02-19T11:53:18","modified_gmt":"2025-02-19T10:53:18","slug":"cremailliere-de-debit-de-fil-reference-agrafeuse","status":"publish","type":"product","link":"https:\/\/www.sams-industrie.fr\/en\/product\/cremailliere-de-debit-de-fil-reference-agrafeuse\/","title":{"rendered":"Wire flow rack<br> Reference EC21-027-011"},"content":{"rendered":"","protected":false},"excerpt":{"rendered":"<p>RAPIDEX EC21<br \/> R\u00e9f\u00e9rence constructeur : EC21-027-011<br \/> R\u00e9f\u00e9rences \u00e9quivalentes : EC21027011 \/ MEC21027011 \/ RAPEC21027011<\/p>","protected":false},"featured_media":0,"comment_status":"open","ping_status":"closed","template":"","meta":[],"_links":{"self":[{"href":"https:\/\/www.sams-industrie.fr\/en\/wp-json\/wp\/v2\/product\/10054"}],"collection":[{"href":"https:\/\/www.sams-industrie.fr\/en\/wp-json\/wp\/v2\/product"}],"about":[{"href":"https:\/\/www.sams-industrie.fr\/en\/wp-json\/wp\/v2\/types\/product"}],"replies":[{"embeddable":true,"href":"https:\/\/www.sams-industrie.fr\/en\/wp-json\/wp\/v2\/comments?post=10054"}],"wp:attachment":[{"href":"https:\/\/www.sams-industrie.fr\/en\/wp-json\/wp\/v2\/media?parent=10054"}],"curies":[{"name":"wp","href":"https:\/\/api.w.org\/{rel}","templated":true}]}}