{"id":10053,"date":"2025-02-05T09:50:18","date_gmt":"2025-02-05T08:50:18","guid":{"rendered":"https:\/\/www.sams-industrie.fr\/product\/cremailliere-de-coupe-reference-agrafeuse\/"},"modified":"2025-02-19T11:53:17","modified_gmt":"2025-02-19T10:53:17","slug":"cremailliere-de-coupe-reference-agrafeuse","status":"publish","type":"product","link":"https:\/\/www.sams-industrie.fr\/en\/product\/cremailliere-de-coupe-reference-agrafeuse\/","title":{"rendered":"Cutting rack<br> Reference EC21-027-010"},"content":{"rendered":"","protected":false},"excerpt":{"rendered":"<p>RAPIDEX EC21<br \/> R\u00e9f\u00e9rence constructeur : EC21-027-010<br \/> R\u00e9f\u00e9rences \u00e9quivalentes : EC21027010 \/ MEC21027010 \/ RAPEC21027010<\/p>","protected":false},"featured_media":0,"comment_status":"open","ping_status":"closed","template":"","meta":[],"_links":{"self":[{"href":"https:\/\/www.sams-industrie.fr\/en\/wp-json\/wp\/v2\/product\/10053"}],"collection":[{"href":"https:\/\/www.sams-industrie.fr\/en\/wp-json\/wp\/v2\/product"}],"about":[{"href":"https:\/\/www.sams-industrie.fr\/en\/wp-json\/wp\/v2\/types\/product"}],"replies":[{"embeddable":true,"href":"https:\/\/www.sams-industrie.fr\/en\/wp-json\/wp\/v2\/comments?post=10053"}],"wp:attachment":[{"href":"https:\/\/www.sams-industrie.fr\/en\/wp-json\/wp\/v2\/media?parent=10053"}],"curies":[{"name":"wp","href":"https:\/\/api.w.org\/{rel}","templated":true}]}}