{"id":10051,"date":"2025-02-05T09:50:15","date_gmt":"2025-02-05T08:50:15","guid":{"rendered":"https:\/\/www.sams-industrie.fr\/product\/galet-redresseur-reference-agrafeuse\/"},"modified":"2025-02-19T11:53:16","modified_gmt":"2025-02-19T10:53:16","slug":"galet-redresseur-reference-agrafeuse","status":"publish","type":"product","link":"https:\/\/www.sams-industrie.fr\/en\/product\/galet-redresseur-reference-agrafeuse\/","title":{"rendered":"Straightening roller<br> Reference B-085"},"content":{"rendered":"","protected":false},"excerpt":{"rendered":"<p>RAPIDEX R476<br \/> R\u00e9f\u00e9rence constructeur : B-085<br \/> R\u00e9f\u00e9rences \u00e9quivalentes : B085 \/ MB085 \/ RAPB085<\/p>","protected":false},"featured_media":0,"comment_status":"open","ping_status":"closed","template":"","meta":[],"_links":{"self":[{"href":"https:\/\/www.sams-industrie.fr\/en\/wp-json\/wp\/v2\/product\/10051"}],"collection":[{"href":"https:\/\/www.sams-industrie.fr\/en\/wp-json\/wp\/v2\/product"}],"about":[{"href":"https:\/\/www.sams-industrie.fr\/en\/wp-json\/wp\/v2\/types\/product"}],"replies":[{"embeddable":true,"href":"https:\/\/www.sams-industrie.fr\/en\/wp-json\/wp\/v2\/comments?post=10051"}],"wp:attachment":[{"href":"https:\/\/www.sams-industrie.fr\/en\/wp-json\/wp\/v2\/media?parent=10051"}],"curies":[{"name":"wp","href":"https:\/\/api.w.org\/{rel}","templated":true}]}}