{"id":10050,"date":"2025-02-05T09:50:14","date_gmt":"2025-02-05T08:50:14","guid":{"rendered":"https:\/\/www.sams-industrie.fr\/product\/came-de-mandrin-reference-agrafeuse\/"},"modified":"2025-02-19T11:53:15","modified_gmt":"2025-02-19T10:53:15","slug":"came-de-mandrin-reference-agrafeuse","status":"publish","type":"product","link":"https:\/\/www.sams-industrie.fr\/en\/product\/came-de-mandrin-reference-agrafeuse\/","title":{"rendered":"Chuck cam<br> Reference B-039"},"content":{"rendered":"","protected":false},"excerpt":{"rendered":"<p>RAPIDEX R476<br \/> R\u00e9f\u00e9rence constructeur : B-039<br \/> R\u00e9f\u00e9rences \u00e9quivalentes : B039 \/ MB039 \/ RAPB039<\/p>","protected":false},"featured_media":0,"comment_status":"open","ping_status":"closed","template":"","meta":[],"_links":{"self":[{"href":"https:\/\/www.sams-industrie.fr\/en\/wp-json\/wp\/v2\/product\/10050"}],"collection":[{"href":"https:\/\/www.sams-industrie.fr\/en\/wp-json\/wp\/v2\/product"}],"about":[{"href":"https:\/\/www.sams-industrie.fr\/en\/wp-json\/wp\/v2\/types\/product"}],"replies":[{"embeddable":true,"href":"https:\/\/www.sams-industrie.fr\/en\/wp-json\/wp\/v2\/comments?post=10050"}],"wp:attachment":[{"href":"https:\/\/www.sams-industrie.fr\/en\/wp-json\/wp\/v2\/media?parent=10050"}],"curies":[{"name":"wp","href":"https:\/\/api.w.org\/{rel}","templated":true}]}}