{"id":10049,"date":"2025-02-05T09:50:13","date_gmt":"2025-02-05T08:50:13","guid":{"rendered":"https:\/\/www.sams-industrie.fr\/product\/coudeur-gauche-reference\/"},"modified":"2025-02-19T11:53:14","modified_gmt":"2025-02-19T10:53:14","slug":"coudeur-gauche-reference","status":"publish","type":"product","link":"https:\/\/www.sams-industrie.fr\/en\/product\/coudeur-gauche-reference\/","title":{"rendered":"Left elbow <br> Reference B-028"},"content":{"rendered":"","protected":false},"excerpt":{"rendered":"<p>RAPIDEX R476<br \/> R\u00e9f\u00e9rence constructeur : B-028<br \/> R\u00e9f\u00e9rences \u00e9quivalentes : B028 \/ MB028 \/ RAPB028<\/p>","protected":false},"featured_media":0,"comment_status":"open","ping_status":"closed","template":"","meta":[],"_links":{"self":[{"href":"https:\/\/www.sams-industrie.fr\/en\/wp-json\/wp\/v2\/product\/10049"}],"collection":[{"href":"https:\/\/www.sams-industrie.fr\/en\/wp-json\/wp\/v2\/product"}],"about":[{"href":"https:\/\/www.sams-industrie.fr\/en\/wp-json\/wp\/v2\/types\/product"}],"replies":[{"embeddable":true,"href":"https:\/\/www.sams-industrie.fr\/en\/wp-json\/wp\/v2\/comments?post=10049"}],"wp:attachment":[{"href":"https:\/\/www.sams-industrie.fr\/en\/wp-json\/wp\/v2\/media?parent=10049"}],"curies":[{"name":"wp","href":"https:\/\/api.w.org\/{rel}","templated":true}]}}