{"id":10046,"date":"2025-02-05T09:50:10","date_gmt":"2025-02-05T08:50:10","guid":{"rendered":"https:\/\/www.sams-industrie.fr\/product\/ressort-rappel-de-biellette-reference-agrafeuse\/"},"modified":"2025-02-19T11:53:12","modified_gmt":"2025-02-19T10:53:12","slug":"ressort-rappel-de-biellette-reference-agrafeuse","status":"publish","type":"product","link":"https:\/\/www.sams-industrie.fr\/en\/product\/ressort-rappel-de-biellette-reference-agrafeuse\/","title":{"rendered":"Link return spring<br> Reference 10260"},"content":{"rendered":"","protected":false},"excerpt":{"rendered":"<p>RAPIDEX R476<br \/> R\u00e9f\u00e9rence constructeur : 10260<br \/> R\u00e9f\u00e9rences \u00e9quivalentes : 10260 \/ M10260 \/ RAP10260<\/p>","protected":false},"featured_media":0,"comment_status":"open","ping_status":"closed","template":"","meta":[],"_links":{"self":[{"href":"https:\/\/www.sams-industrie.fr\/en\/wp-json\/wp\/v2\/product\/10046"}],"collection":[{"href":"https:\/\/www.sams-industrie.fr\/en\/wp-json\/wp\/v2\/product"}],"about":[{"href":"https:\/\/www.sams-industrie.fr\/en\/wp-json\/wp\/v2\/types\/product"}],"replies":[{"embeddable":true,"href":"https:\/\/www.sams-industrie.fr\/en\/wp-json\/wp\/v2\/comments?post=10046"}],"wp:attachment":[{"href":"https:\/\/www.sams-industrie.fr\/en\/wp-json\/wp\/v2\/media?parent=10046"}],"curies":[{"name":"wp","href":"https:\/\/api.w.org\/{rel}","templated":true}]}}