{"id":10045,"date":"2025-02-05T09:50:09","date_gmt":"2025-02-05T08:50:09","guid":{"rendered":"https:\/\/www.sams-industrie.fr\/product\/vis-epaulee-reference-agrafeuse\/"},"modified":"2025-02-19T11:53:11","modified_gmt":"2025-02-19T10:53:11","slug":"vis-epaulee-reference-agrafeuse","status":"publish","type":"product","link":"https:\/\/www.sams-industrie.fr\/en\/product\/vis-epaulee-reference-agrafeuse\/","title":{"rendered":"Shoulder screw<br> Reference B-111"},"content":{"rendered":"","protected":false},"excerpt":{"rendered":"<p>RAPIDEX R476<br \/> R\u00e9f\u00e9rence constructeur : B-111<br \/> R\u00e9f\u00e9rences \u00e9quivalentes : B111 \/ MB111 \/ RAPB111<\/p>","protected":false},"featured_media":0,"comment_status":"open","ping_status":"closed","template":"","meta":[],"_links":{"self":[{"href":"https:\/\/www.sams-industrie.fr\/en\/wp-json\/wp\/v2\/product\/10045"}],"collection":[{"href":"https:\/\/www.sams-industrie.fr\/en\/wp-json\/wp\/v2\/product"}],"about":[{"href":"https:\/\/www.sams-industrie.fr\/en\/wp-json\/wp\/v2\/types\/product"}],"replies":[{"embeddable":true,"href":"https:\/\/www.sams-industrie.fr\/en\/wp-json\/wp\/v2\/comments?post=10045"}],"wp:attachment":[{"href":"https:\/\/www.sams-industrie.fr\/en\/wp-json\/wp\/v2\/media?parent=10045"}],"curies":[{"name":"wp","href":"https:\/\/api.w.org\/{rel}","templated":true}]}}