{"id":10044,"date":"2025-02-05T09:50:08","date_gmt":"2025-02-05T08:50:08","guid":{"rendered":"https:\/\/www.sams-industrie.fr\/product\/petit-laminoir-reference-agrafeuse\/"},"modified":"2025-02-19T11:53:09","modified_gmt":"2025-02-19T10:53:09","slug":"petit-laminoir-reference-agrafeuse","status":"publish","type":"product","link":"https:\/\/www.sams-industrie.fr\/en\/product\/petit-laminoir-reference-agrafeuse\/","title":{"rendered":"Small rolling mill<br> Reference F-619"},"content":{"rendered":"","protected":false},"excerpt":{"rendered":"<p>RAPIDEX R476<br \/> R\u00e9f\u00e9rence constructeur : F-619<br \/> R\u00e9f\u00e9rences \u00e9quivalentes : F619 \/ MF619 \/ RAPF619<\/p>","protected":false},"featured_media":0,"comment_status":"open","ping_status":"closed","template":"","meta":[],"_links":{"self":[{"href":"https:\/\/www.sams-industrie.fr\/en\/wp-json\/wp\/v2\/product\/10044"}],"collection":[{"href":"https:\/\/www.sams-industrie.fr\/en\/wp-json\/wp\/v2\/product"}],"about":[{"href":"https:\/\/www.sams-industrie.fr\/en\/wp-json\/wp\/v2\/types\/product"}],"replies":[{"embeddable":true,"href":"https:\/\/www.sams-industrie.fr\/en\/wp-json\/wp\/v2\/comments?post=10044"}],"wp:attachment":[{"href":"https:\/\/www.sams-industrie.fr\/en\/wp-json\/wp\/v2\/media?parent=10044"}],"curies":[{"name":"wp","href":"https:\/\/api.w.org\/{rel}","templated":true}]}}