{"id":10037,"date":"2025-02-05T09:50:02","date_gmt":"2025-02-05T08:50:02","guid":{"rendered":"https:\/\/www.sams-industrie.fr\/product\/axe-de-galet-de-levier-de-pince-reference-agrafeuse\/"},"modified":"2025-02-19T11:53:04","modified_gmt":"2025-02-19T10:53:04","slug":"axe-de-galet-de-levier-de-pince-reference-agrafeuse","status":"publish","type":"product","link":"https:\/\/www.sams-industrie.fr\/en\/product\/axe-de-galet-de-levier-de-pince-reference-agrafeuse\/","title":{"rendered":"Clamp lever roller axle<br> Reference F-671"},"content":{"rendered":"","protected":false},"excerpt":{"rendered":"<p>RAPIDEX R476<br \/> R\u00e9f\u00e9rence constructeur : F-671<br \/> R\u00e9f\u00e9rences \u00e9quivalentes : F671 \/ MF671 \/ RAPF671<\/p>","protected":false},"featured_media":0,"comment_status":"open","ping_status":"closed","template":"","meta":[],"_links":{"self":[{"href":"https:\/\/www.sams-industrie.fr\/en\/wp-json\/wp\/v2\/product\/10037"}],"collection":[{"href":"https:\/\/www.sams-industrie.fr\/en\/wp-json\/wp\/v2\/product"}],"about":[{"href":"https:\/\/www.sams-industrie.fr\/en\/wp-json\/wp\/v2\/types\/product"}],"replies":[{"embeddable":true,"href":"https:\/\/www.sams-industrie.fr\/en\/wp-json\/wp\/v2\/comments?post=10037"}],"wp:attachment":[{"href":"https:\/\/www.sams-industrie.fr\/en\/wp-json\/wp\/v2\/media?parent=10037"}],"curies":[{"name":"wp","href":"https:\/\/api.w.org\/{rel}","templated":true}]}}