{"id":10035,"date":"2025-02-05T09:50:01","date_gmt":"2025-02-05T08:50:01","guid":{"rendered":"https:\/\/www.sams-industrie.fr\/product\/levier-de-pince-reference-agrafeuse\/"},"modified":"2025-02-19T11:53:02","modified_gmt":"2025-02-19T10:53:02","slug":"levier-de-pince-reference-agrafeuse","status":"publish","type":"product","link":"https:\/\/www.sams-industrie.fr\/en\/product\/levier-de-pince-reference-agrafeuse\/","title":{"rendered":"Clamp lever<br> Reference B112"},"content":{"rendered":"","protected":false},"excerpt":{"rendered":"<p>RAPIDEX R476<br \/> R\u00e9f\u00e9rence constructeur : B112<br \/> R\u00e9f\u00e9rences \u00e9quivalentes : B112 \/ MB112 \/ RAPB112<\/p>","protected":false},"featured_media":0,"comment_status":"open","ping_status":"closed","template":"","meta":[],"_links":{"self":[{"href":"https:\/\/www.sams-industrie.fr\/en\/wp-json\/wp\/v2\/product\/10035"}],"collection":[{"href":"https:\/\/www.sams-industrie.fr\/en\/wp-json\/wp\/v2\/product"}],"about":[{"href":"https:\/\/www.sams-industrie.fr\/en\/wp-json\/wp\/v2\/types\/product"}],"replies":[{"embeddable":true,"href":"https:\/\/www.sams-industrie.fr\/en\/wp-json\/wp\/v2\/comments?post=10035"}],"wp:attachment":[{"href":"https:\/\/www.sams-industrie.fr\/en\/wp-json\/wp\/v2\/media?parent=10035"}],"curies":[{"name":"wp","href":"https:\/\/api.w.org\/{rel}","templated":true}]}}