{"id":10033,"date":"2025-02-05T09:49:59","date_gmt":"2025-02-05T08:49:59","guid":{"rendered":"https:\/\/www.sams-industrie.fr\/product\/cisaille-gros-fil-reference-agrafeuse\/"},"modified":"2025-10-14T14:15:30","modified_gmt":"2025-10-14T12:15:30","slug":"cisaille-gros-fil-reference-agrafeuse","status":"publish","type":"product","link":"https:\/\/www.sams-industrie.fr\/en\/product\/cisaille-gros-fil-reference-agrafeuse\/","title":{"rendered":"Thick wire shears<br> Reference B-096"},"content":{"rendered":"","protected":false},"excerpt":{"rendered":"<p>RAPIDEX R476<br \/>\nR\u00e9f\u00e9rence constructeur : B-096<br \/>\nR\u00e9f\u00e9rences \u00e9quivalentes : B096SP \/ MB096SP \/ RAPB096SP<\/p>","protected":false},"featured_media":11570,"comment_status":"open","ping_status":"closed","template":"","meta":[],"_links":{"self":[{"href":"https:\/\/www.sams-industrie.fr\/en\/wp-json\/wp\/v2\/product\/10033"}],"collection":[{"href":"https:\/\/www.sams-industrie.fr\/en\/wp-json\/wp\/v2\/product"}],"about":[{"href":"https:\/\/www.sams-industrie.fr\/en\/wp-json\/wp\/v2\/types\/product"}],"replies":[{"embeddable":true,"href":"https:\/\/www.sams-industrie.fr\/en\/wp-json\/wp\/v2\/comments?post=10033"}],"wp:featuredmedia":[{"embeddable":true,"href":"https:\/\/www.sams-industrie.fr\/en\/wp-json\/wp\/v2\/media\/11570"}],"wp:attachment":[{"href":"https:\/\/www.sams-industrie.fr\/en\/wp-json\/wp\/v2\/media?parent=10033"}],"curies":[{"name":"wp","href":"https:\/\/api.w.org\/{rel}","templated":true}]}}